{"id":6034,"date":"2022-06-20T10:45:26","date_gmt":"2022-06-20T15:45:26","guid":{"rendered":"http:\/\/better-way.five.zysites.com\/about-us\/"},"modified":"2025-02-25T12:23:16","modified_gmt":"2025-02-25T18:23:16","slug":"about-us","status":"publish","type":"page","link":"https:\/\/www.betterwayins.com\/es\/about-us\/","title":{"rendered":"Acerca de nosotros"},"content":{"rendered":"<p>Bienvenido a Better Way Insurance, su socio de confianza para todas sus necesidades de seguros en Port Arthur, TX. Ubicada en 4100 Gulfway Dr, nuestra empresa ha estado sirviendo orgullosamente a la comunidad desde 2007. Nos especializamos en brindar seguros integrales para el hogar y el autom\u00f3vil, lo que garantiza que usted y sus seres queridos est\u00e9n protegidos.<\/p>\n<p>En Better Way Insurance, nuestra misi\u00f3n es simple: ofrecer una manera r\u00e1pida, sencilla y conveniente de administrar su seguro. Entendemos que la vida puede ser ajetreada, por lo que nos esforzamos por hacer que el proceso de seguro sea lo m\u00e1s sencillo posible. Nuestro equipo dedicado habla ingl\u00e9s y espa\u00f1ol con fluidez, lo que garantiza que podamos comunicarnos de manera efectiva con una amplia gama de clientes y ayudarlos.<\/p>\n<p><strong>Nuestros servicios<\/strong><\/p>\n<ul>\n<li><strong>Seguro de auto<\/strong>: Proteja su veh\u00edculo con nuestras p\u00f3lizas de seguro de auto personalizadas.<\/li>\n<li><strong>Seguro de hogar<\/strong>: Proteja su hogar y sus pertenencias con nuestros planes integrales de seguro de hogar.<\/li>\n<li><strong>Trabajo de t\u00edtulos<\/strong>: Servicios de trabajo de t\u00edtulos eficientes y confiables.<\/li>\n<li><strong>Notario p\u00fablico<\/strong>: Servicios notariales convenientes para satisfacer sus necesidades.<\/li>\n<li><strong>Fianzas de garant\u00eda<\/strong>: Obtenga fianzas de garant\u00eda para cumplir con los requisitos de su negocio.<\/li>\n<li><strong>Seguro comercial<\/strong>: Soluciones de seguro comercial personalizadas para su negocio.<\/li>\n<\/ul>\n<p><strong>\u00bfPor qu\u00e9 elegirnos?<\/strong><\/p>\n<ul>\n<li><strong>Experiencia y conocimientos<\/strong>: Con m\u00e1s de una d\u00e9cada de experiencia, nuestro equipo experto est\u00e1 aqu\u00ed para guiarlo en cada paso.<\/li>\n<li><strong>Servicios biling\u00fces<\/strong>: Nosotros Ofrecemos con orgullo servicios tanto en ingl\u00e9s como en espa\u00f1ol.<\/li>\n<li><strong>Enfoque centrado en el cliente<\/strong>: Nos centramos en brindar un servicio al cliente excepcional y soluciones de seguros personalizadas.<\/li>\n<li><strong>Compromiso con la comunidad<\/strong>: Nos dedicamos a apoyar a nuestra comunidad local a trav\u00e9s de diversas iniciativas y patrocinios.<\/li>\n<\/ul>\n<p><strong>Con\u00e9ctese con nosotros<\/strong><\/p>\n<p>Nos encanta estar conectados con nuestros clientes. S\u00edganos en Facebook, Instagram y Twitter para conocer las \u00faltimas actualizaciones, consejos y noticias.<\/p>\n<p><strong>Cont\u00e1ctenos<\/strong><\/p>\n<p>Tel\u00e9fono: 409-982-0614<\/p>\n<p><strong>Horario de atenci\u00f3n<\/strong><\/p>\n<ul>\n<li>De lunes a viernes: 9:30 a. m. a 6:30 p. m.<\/li>\n<li>S\u00e1bados: 10:30 a. m. a 3:30 p. m.<\/li>\n<\/ul>\n<p>Gracias por elegir Better Way Insurance. Esperamos poder servirle y brindarle la tranquilidad que usted merece.<\/p>\n","protected":false},"excerpt":{"rendered":"<p>Bienvenido a Better Way Insurance, su socio de confianza para todas sus necesidades de seguros en Port Arthur, TX. Ubicada en 4100 Gulfway Dr, nuestra empresa ha estado sirviendo orgullosamente a la comunidad desde 2007. Nos especializamos en brindar seguros integrales para el hogar y el autom\u00f3vil, lo que garantiza que usted y sus seres [&hellip;]<\/p>\n","protected":false},"author":69,"featured_media":0,"parent":0,"menu_order":0,"comment_status":"closed","ping_status":"closed","template":"","meta":{"_acf_changed":false,"_seopress_robots_primary_cat":"","_seopress_titles_title":"","_seopress_titles_desc":"","_seopress_robots_index":"","_analytify_skip_tracking":false,"footnotes":""},"class_list":["post-6034","page","type-page","status-publish","hentry"],"acf":[],"_links":{"self":[{"href":"https:\/\/www.betterwayins.com\/es\/wp-json\/wp\/v2\/pages\/6034","targetHints":{"allow":["GET"]}}],"collection":[{"href":"https:\/\/www.betterwayins.com\/es\/wp-json\/wp\/v2\/pages"}],"about":[{"href":"https:\/\/www.betterwayins.com\/es\/wp-json\/wp\/v2\/types\/page"}],"author":[{"embeddable":true,"href":"https:\/\/www.betterwayins.com\/es\/wp-json\/wp\/v2\/users\/69"}],"replies":[{"embeddable":true,"href":"https:\/\/www.betterwayins.com\/es\/wp-json\/wp\/v2\/comments?post=6034"}],"version-history":[{"count":0,"href":"https:\/\/www.betterwayins.com\/es\/wp-json\/wp\/v2\/pages\/6034\/revisions"}],"wp:attachment":[{"href":"https:\/\/www.betterwayins.com\/es\/wp-json\/wp\/v2\/media?parent=6034"}],"curies":[{"name":"wp","href":"https:\/\/api.w.org\/{rel}","templated":true}]}}